{"id":16,"date":"2025-07-15T17:13:38","date_gmt":"2025-07-15T17:13:38","guid":{"rendered":"https:\/\/hypnocaro.ch\/?page_id=16"},"modified":"2025-07-15T17:13:38","modified_gmt":"2025-07-15T17:13:38","slug":"hypnose-et-methodes","status":"publish","type":"page","link":"https:\/\/hypnocaro.ch\/index.php\/hypnose-et-methodes\/","title":{"rendered":"Hypnose et m\u00e9thodes"},"content":{"rendered":"\n<p><strong>Hypnoth\u00e9rapie<\/strong><\/p>\n\n\n\n<ul class=\"wp-block-list\">\n<li><strong>Hypnose th\u00e9rapeutique Ericksonienne<\/strong><br>Invent\u00e9e par Milton Erickson, l\u2019hypnose Ericksonienne est particuli\u00e8rement respectueuse de la personne, car elle pratique le langage dit \u00ab\u00a0permissif\u00a0\u00bb.\u00a0<\/li>\n<\/ul>\n\n\n\n<ul class=\"wp-block-list\">\n<li><strong>Hypnose &amp; EFT<\/strong>\u00a0(techniques de lib\u00e9ration \u00e9motionnelle)<br>L\u2019\ud835\ude0c\ud835\ude2e\ud835\ude30\ud835\ude35\ud835\ude2a\ud835\ude30\ud835\ude2f\ud835\ude22\ud835\ude2d \ud835\ude0d\ud835\ude33\ud835\ude26\ud835\ude26\ud835\ude25\ud835\ude30\ud835\ude2e \ud835\ude1b\ud835\ude26\ud835\ude24\ud835\ude29\ud835\ude2f\ud835\ude2a\ud835\ude32\ud835\ude36\ud835\ude26\ud835\ude34, aussi appel\u00e9e \ud835\ude35\ud835\ude22\ud835\ude31\ud835\ude31\ud835\ude2a\ud835\ude2f\ud835\ude28, est issue de l\u2019acupuncture. Elle utilise la stimulation de points sp\u00e9cifiques qui se trouvent sur les m\u00e9ridiens du corps. Elle est donc une m\u00e9thode psychocorporelle et contribue \u00e0 lib\u00e9rer des blocages \u00e9motionnels g\u00e9n\u00e9rant de l\u2019anxi\u00e9t\u00e9, des peurs ou du stress.<\/li>\n<\/ul>\n\n\n\n<ul class=\"wp-block-list\">\n<li><strong>Hypnose &amp; th\u00e9rapies par les mouvements oculaires<br><\/strong>Il existe plusieurs th\u00e9rapies par les mouvements oculaires et vous avez certainement d\u00e9j\u00e0 entendu parler de l\u2019EMDR (d\u00e9sensibilisation et retraitement des informations par\u00a0 mouvements oculaires). Mais connaissez-vous \ud835\uddf9\u2019\ud835\udddc\ud835\udde0\ud835\udde2 (int\u00e9gration par les mouvements oculaires)? C\u2019est une th\u00e9rapie issue de la PNL, qui permet une lib\u00e9ration \u00e9motionnelle profonde. Les mouvements oculaires sont directement reli\u00e9s au fonctionnement du cerveau. Ils servent \u00e0 cr\u00e9er, transformer ou construire des ressources qui ont \u00e9t\u00e9 perturb\u00e9es durant les moments difficiles de la vie.<br>L\u2019IMO se pratique aussi avec les mains: elle est un merveilleux outils en autohypnose. Elle peut vous servir \u00e0 g\u00e9rer vous-m\u00eames des moments d\u2019anxi\u00e9t\u00e9, de stress, de troubles du sommeil ou de douleurs.<\/li>\n<\/ul>\n\n\n\n<ul class=\"wp-block-list\">\n<li><strong>Hypnose \u00e9nerg\u00e9tique<br><\/strong>L\u2019hypnose \u00e9nerg\u00e9tique est un doux m\u00e9lange d\u2019hypnose et de soins \u00e9nerg\u00e9tiques qui permet de renforcer le lien corps-esprit. Elle permet de faire circuler l\u2019\u00e9nergie et de conscientiser diff\u00e9remment ce lien entre ce qu\u2019il se passe dans la t\u00eate et ce que dis le corps.\u00a0<\/li>\n<\/ul>\n\n\n\n<p><strong>Reconnexion spirituelle<\/strong><\/p>\n\n\n\n<ul class=\"wp-block-list\">\n<li><strong>Soins \u00e9nerg\u00e9tiques<\/strong><\/li>\n\n\n\n<li><strong>Nettoyage \u00e9nerg\u00e9tiques dans les maisons<\/strong><\/li>\n<\/ul>\n\n\n\n<p>\ud835\udc68\ud835\udc97\ud835\udc86\ud835\udc9b-\ud835\udc97\ud835\udc90\ud835\udc96\ud835\udc94 \ud835\udc85\ud835\udc86\u0301\ud835\udc8b\ud835\udc82\u0300 \ud835\udc82\ud835\udc91\ud835\udc91\ud835\udc93\ud835\udc86\u0301\ud835\udc84\ud835\udc8a\ud835\udc86\u0301 \ud835\udc84\ud835\udc86\ud835\udc95\ud835\udc95\ud835\udc86 \ud835\udc94\ud835\udc86\ud835\udc8f\ud835\udc94\ud835\udc82\ud835\udc95\ud835\udc8a\ud835\udc90\ud835\udc8f \ud835\udc84\ud835\udc89\ud835\udc82\ud835\udc8d\ud835\udc86\ud835\udc96\ud835\udc93\ud835\udc86\ud835\udc96\ud835\udc94\ud835\udc86 \ud835\udc85\u2019\ud835\udc96\ud835\udc8f \ud835\udc8d\ud835\udc8a\ud835\udc86\ud835\udc96 \ud835\udc82\ud835\udc84\ud835\udc84\ud835\udc96\ud835\udc86\ud835\udc8a\ud835\udc8d\ud835\udc8d\ud835\udc82\ud835\udc8f\ud835\udc95 \ud835\udc90\ud835\udc96\u0300 \ud835\udc90\ud835\udc8f \ud835\udc94\ud835\udc86 \ud835\udc94\ud835\udc86\ud835\udc8f\ud835\udc95 \ud835\udc95\ud835\udc90\ud835\udc96\ud835\udc95 \ud835\udc85\ud835\udc86 \ud835\udc94\ud835\udc96\ud835\udc8a\ud835\udc95\ud835\udc86 \ud835\udc83\ud835\udc8a\ud835\udc86\ud835\udc8f?<\/p>\n\n\n\n<p>Pour cela, il est parfois n\u00e9cessaire de nettoyer votre lieu de vie pour repartir sur de nouvelles \u00e9nergies et y trouver \ud835\udc25\u2019\ud835\udc21\ud835\udc1a\ud835\udc2b\ud835\udc26\ud835\udc28\ud835\udc27\ud835\udc22\ud835\udc1e qui vous correspond. C\u2019est le printemps et c\u2019est le bon moment!<br>A deux th\u00e9rapeutes, nous pouvons venir chez vous pour \ud835\udc2b\ud835\udc1e\u0301\ud835\udc1e\u0301\ud835\udc2a\ud835\udc2e\ud835\udc22\ud835\udc25\ud835\udc22\ud835\udc1b\ud835\udc2b\ud835\udc1e\ud835\udc2b et faire circuler de \ud835\udc1b\ud835\udc28\ud835\udc27\ud835\udc27\ud835\udc1e\ud835\udc2c \ud835\udc1e\u0301\ud835\udc27\ud835\udc1e\ud835\udc2b\ud835\udc20\ud835\udc22\ud835\udc1e\ud835\udc2c.<\/p>\n\n\n\n<ul class=\"wp-block-list\">\n<li><strong>Massage des 5 continents\u00a0<\/strong><\/li>\n<\/ul>\n\n\n\n<p><strong>Travail social<\/strong><\/p>\n\n\n\n<ul class=\"wp-block-list\">\n<li><strong>Outils et th\u00e9matiques li\u00e9es \u00e0 la formation d\u2019\u00e9ducatrice sociale<\/strong>\n<ul class=\"wp-block-list\">\n<li>Bachelor en travail social\u00a0<a href=\"https:\/\/www.hes-so.ch\/bachelor\/travail-social\">https:\/\/www.hes-so.ch\/bachelor\/travail-social<\/a><\/li>\n\n\n\n<li>\u00a0<\/li>\n\n\n\n<li>2 formations pratiques\n<ul class=\"wp-block-list\">\n<li>\u00a0institution sp\u00e9cialis\u00e9e dans le handicap psychique<\/li>\n\n\n\n<li>Foyer d\u2019enfants et adolescents en difficult\u00e9s sociales, scolaires et familiales<\/li>\n<\/ul>\n<\/li>\n<\/ul>\n<\/li>\n<\/ul>\n\n\n\n<ul class=\"wp-block-list\">\n<li><strong>Formations continues dans le cadre de mon travail d\u2019\u00e9ducatrice sociale<\/strong>\n<ul class=\"wp-block-list\">\n<li>Educatrice sociale dans un foyer accueillant des enfants de 0-6 ans\n<ul class=\"wp-block-list\">\n<li>P\u00e9dagogie Montessori<\/li>\n\n\n\n<li>Communication non violente (CNV)<\/li>\n<\/ul>\n<\/li>\n\n\n\n<li>Educatrice sociale dans une fondation accueillant des jeunes majeurs de 18-25 ans\n<ul class=\"wp-block-list\">\n<li>Formation neurosciences<\/li>\n<\/ul>\n<\/li>\n<\/ul>\n<\/li>\n<\/ul>\n","protected":false},"excerpt":{"rendered":"<p>Hypnoth\u00e9rapie Reconnexion spirituelle \ud835\udc68\ud835\udc97\ud835\udc86\ud835\udc9b-\ud835\udc97\ud835\udc90\ud835\udc96\ud835\udc94 \ud835\udc85\ud835\udc86\u0301\ud835\udc8b\ud835\udc82\u0300 \ud835\udc82\ud835\udc91\ud835\udc91\ud835\udc93\ud835\udc86\u0301\ud835\udc84\ud835\udc8a\ud835\udc86\u0301 \ud835\udc84\ud835\udc86\ud835\udc95\ud835\udc95\ud835\udc86 \ud835\udc94\ud835\udc86\ud835\udc8f\ud835\udc94\ud835\udc82\ud835\udc95\ud835\udc8a\ud835\udc90\ud835\udc8f \ud835\udc84\ud835\udc89\ud835\udc82\ud835\udc8d\ud835\udc86\ud835\udc96\ud835\udc93\ud835\udc86\ud835\udc96\ud835\udc94\ud835\udc86 \ud835\udc85\u2019\ud835\udc96\ud835\udc8f \ud835\udc8d\ud835\udc8a\ud835\udc86\ud835\udc96 \ud835\udc82\ud835\udc84\ud835\udc84\ud835\udc96\ud835\udc86\ud835\udc8a\ud835\udc8d\ud835\udc8d\ud835\udc82\ud835\udc8f\ud835\udc95 \ud835\udc90\ud835\udc96\u0300 \ud835\udc90\ud835\udc8f \ud835\udc94\ud835\udc86 \ud835\udc94\ud835\udc86\ud835\udc8f\ud835\udc95 \ud835\udc95\ud835\udc90\ud835\udc96\ud835\udc95 \ud835\udc85\ud835\udc86 \ud835\udc94\ud835\udc96\ud835\udc8a\ud835\udc95\ud835\udc86 \ud835\udc83\ud835\udc8a\ud835\udc86\ud835\udc8f? [&hellip;]<\/p>\n","protected":false},"author":1,"featured_media":0,"parent":0,"menu_order":0,"comment_status":"closed","ping_status":"closed","template":"","meta":{"site-sidebar-layout":"default","site-content-layout":"","ast-site-content-layout":"default","site-content-style":"default","site-sidebar-style":"default","ast-global-header-display":"","ast-banner-title-visibility":"","ast-main-header-display":"","ast-hfb-above-header-display":"","ast-hfb-below-header-display":"","ast-hfb-mobile-header-display":"","site-post-title":"","ast-breadcrumbs-content":"","ast-featured-img":"","footer-sml-layout":"","theme-transparent-header-meta":"","adv-header-id-meta":"","stick-header-meta":"","header-above-stick-meta":"","header-main-stick-meta":"","header-below-stick-meta":"","astra-migrate-meta-layouts":"default","ast-page-background-enabled":"default","ast-page-background-meta":{"desktop":{"background-color":"var(--ast-global-color-5)","background-image":"","background-repeat":"repeat","background-position":"center center","background-size":"auto","background-attachment":"scroll","background-type":"","background-media":"","overlay-type":"","overlay-color":"","overlay-opacity":"","overlay-gradient":""},"tablet":{"background-color":"","background-image":"","background-repeat":"repeat","background-position":"center center","background-size":"auto","background-attachment":"scroll","background-type":"","background-media":"","overlay-type":"","overlay-color":"","overlay-opacity":"","overlay-gradient":""},"mobile":{"background-color":"","background-image":"","background-repeat":"repeat","background-position":"center center","background-size":"auto","background-attachment":"scroll","background-type":"","background-media":"","overlay-type":"","overlay-color":"","overlay-opacity":"","overlay-gradient":""}},"ast-content-background-meta":{"desktop":{"background-color":"var(--ast-global-color-4)","background-image":"","background-repeat":"repeat","background-position":"center center","background-size":"auto","background-attachment":"scroll","background-type":"","background-media":"","overlay-type":"","overlay-color":"","overlay-opacity":"","overlay-gradient":""},"tablet":{"background-color":"var(--ast-global-color-4)","background-image":"","background-repeat":"repeat","background-position":"center center","background-size":"auto","background-attachment":"scroll","background-type":"","background-media":"","overlay-type":"","overlay-color":"","overlay-opacity":"","overlay-gradient":""},"mobile":{"background-color":"var(--ast-global-color-4)","background-image":"","background-repeat":"repeat","background-position":"center center","background-size":"auto","background-attachment":"scroll","background-type":"","background-media":"","overlay-type":"","overlay-color":"","overlay-opacity":"","overlay-gradient":""}},"footnotes":""},"class_list":["post-16","page","type-page","status-publish","hentry"],"_links":{"self":[{"href":"https:\/\/hypnocaro.ch\/index.php\/wp-json\/wp\/v2\/pages\/16","targetHints":{"allow":["GET"]}}],"collection":[{"href":"https:\/\/hypnocaro.ch\/index.php\/wp-json\/wp\/v2\/pages"}],"about":[{"href":"https:\/\/hypnocaro.ch\/index.php\/wp-json\/wp\/v2\/types\/page"}],"author":[{"embeddable":true,"href":"https:\/\/hypnocaro.ch\/index.php\/wp-json\/wp\/v2\/users\/1"}],"replies":[{"embeddable":true,"href":"https:\/\/hypnocaro.ch\/index.php\/wp-json\/wp\/v2\/comments?post=16"}],"version-history":[{"count":1,"href":"https:\/\/hypnocaro.ch\/index.php\/wp-json\/wp\/v2\/pages\/16\/revisions"}],"predecessor-version":[{"id":17,"href":"https:\/\/hypnocaro.ch\/index.php\/wp-json\/wp\/v2\/pages\/16\/revisions\/17"}],"wp:attachment":[{"href":"https:\/\/hypnocaro.ch\/index.php\/wp-json\/wp\/v2\/media?parent=16"}],"curies":[{"name":"wp","href":"https:\/\/api.w.org\/{rel}","templated":true}]}}