{"id":14,"date":"2025-07-15T17:12:07","date_gmt":"2025-07-15T17:12:07","guid":{"rendered":"https:\/\/hypnocaro.ch\/?page_id=14"},"modified":"2025-07-15T17:19:17","modified_gmt":"2025-07-15T17:19:17","slug":"therapies-et-soins","status":"publish","type":"page","link":"https:\/\/hypnocaro.ch\/index.php\/therapies-et-soins\/","title":{"rendered":"Th\u00e9rapies et soins"},"content":{"rendered":"\n<ul class=\"wp-block-list\">\n<li>D\u00e9veloppement personnel&nbsp;: Confiance en soi et estime de soi<\/li>\n\n\n\n<li>Troubles du sommeil<\/li>\n\n\n\n<li>Stress et Burn-out<\/li>\n\n\n\n<li>D\u00e9pendances et habitudes n\u00e9fastes&nbsp;: Tabac, Alcool, autres d\u00e9pendances<\/li>\n\n\n\n<li>Trouble du comportement&nbsp;: Anxi\u00e9t\u00e9, Anorexie, boulimie<\/li>\n\n\n\n<li>Peurs, phobies et Angoisses<\/li>\n\n\n\n<li>Trauma&nbsp;: stress post-traumatique<\/li>\n\n\n\n<li>Lib\u00e9ration de poids<\/li>\n\n\n\n<li>Couples et troubles sexuels<\/li>\n\n\n\n<li>D\u00e9pression et Deuil<\/li>\n\n\n\n<li>M\u00e9decine corps-esprit&nbsp;: gu\u00e9rison, probl\u00e8me de peau, allergies, hypertension, maux de t\u00eate\/migraines, asthme, cancer, maladie auto-immunes, hypno-anesth\u00e9sie et pr\u00e9paration \u00e0 une intervention chirurgicale<\/li>\n\n\n\n<li>Douleurs chroniques<\/li>\n\n\n\n<li>Hypno-naissance&nbsp;: infertilit\u00e9, pr\u00e9paration \u00e0 l\u2019accouchement, peurs et appr\u00e9hensions<\/li>\n\n\n\n<li>Enfants&nbsp;: hyperactivit\u00e9, d\u00e9ficit d\u2019attention, difficult\u00e9s dans l\u2019apprentissage, \u00e9nur\u00e9sie, succion du pouce, anxi\u00e9t\u00e9, timidit\u00e9, peurs, gestion de la douleur<\/li>\n\n\n\n<li>Tatouage sous hypnose\n<ul class=\"wp-block-list\">\n<li>en collaboration avec&nbsp;<a href=\"https:\/\/www.instagram.com\/salzart\/\">Salzart<\/a>&nbsp;(Bulle)<\/li>\n\n\n\n<li>en collaboration avec&nbsp;<a href=\"https:\/\/www.instagram.com\/la_boitatou\/\">la_boitatou<\/a>&nbsp;(Fribourg)<\/li>\n<\/ul>\n<\/li>\n\n\n\n<li>Soins \u00e9nerg\u00e9tiques<\/li>\n\n\n\n<li>Soins \u00e9nerg\u00e9tiques \u00e0 deux th\u00e9rapeutes (sur demande)<\/li>\n\n\n\n<li>Nettoyage \u00e9nerg\u00e9tiques dans les maisons \u00e0 deux th\u00e9rapeutes<\/li>\n\n\n\n<li>Massage des 5 continents<\/li>\n<\/ul>\n\n\n\n<p><\/p>\n","protected":false},"excerpt":{"rendered":"","protected":false},"author":1,"featured_media":0,"parent":0,"menu_order":0,"comment_status":"closed","ping_status":"closed","template":"","meta":{"site-sidebar-layout":"default","site-content-layout":"","ast-site-content-layout":"default","site-content-style":"default","site-sidebar-style":"default","ast-global-header-display":"","ast-banner-title-visibility":"","ast-main-header-display":"","ast-hfb-above-header-display":"","ast-hfb-below-header-display":"","ast-hfb-mobile-header-display":"","site-post-title":"","ast-breadcrumbs-content":"","ast-featured-img":"","footer-sml-layout":"","theme-transparent-header-meta":"","adv-header-id-meta":"","stick-header-meta":"","header-above-stick-meta":"","header-main-stick-meta":"","header-below-stick-meta":"","astra-migrate-meta-layouts":"default","ast-page-background-enabled":"default","ast-page-background-meta":{"desktop":{"background-color":"var(--ast-global-color-5)","background-image":"","background-repeat":"repeat","background-position":"center center","background-size":"auto","background-attachment":"scroll","background-type":"","background-media":"","overlay-type":"","overlay-color":"","overlay-opacity":"","overlay-gradient":""},"tablet":{"background-color":"","background-image":"","background-repeat":"repeat","background-position":"center center","background-size":"auto","background-attachment":"scroll","background-type":"","background-media":"","overlay-type":"","overlay-color":"","overlay-opacity":"","overlay-gradient":""},"mobile":{"background-color":"","background-image":"","background-repeat":"repeat","background-position":"center center","background-size":"auto","background-attachment":"scroll","background-type":"","background-media":"","overlay-type":"","overlay-color":"","overlay-opacity":"","overlay-gradient":""}},"ast-content-background-meta":{"desktop":{"background-color":"var(--ast-global-color-4)","background-image":"","background-repeat":"repeat","background-position":"center center","background-size":"auto","background-attachment":"scroll","background-type":"","background-media":"","overlay-type":"","overlay-color":"","overlay-opacity":"","overlay-gradient":""},"tablet":{"background-color":"var(--ast-global-color-4)","background-image":"","background-repeat":"repeat","background-position":"center center","background-size":"auto","background-attachment":"scroll","background-type":"","background-media":"","overlay-type":"","overlay-color":"","overlay-opacity":"","overlay-gradient":""},"mobile":{"background-color":"var(--ast-global-color-4)","background-image":"","background-repeat":"repeat","background-position":"center center","background-size":"auto","background-attachment":"scroll","background-type":"","background-media":"","overlay-type":"","overlay-color":"","overlay-opacity":"","overlay-gradient":""}},"footnotes":""},"class_list":["post-14","page","type-page","status-publish","hentry"],"_links":{"self":[{"href":"https:\/\/hypnocaro.ch\/index.php\/wp-json\/wp\/v2\/pages\/14","targetHints":{"allow":["GET"]}}],"collection":[{"href":"https:\/\/hypnocaro.ch\/index.php\/wp-json\/wp\/v2\/pages"}],"about":[{"href":"https:\/\/hypnocaro.ch\/index.php\/wp-json\/wp\/v2\/types\/page"}],"author":[{"embeddable":true,"href":"https:\/\/hypnocaro.ch\/index.php\/wp-json\/wp\/v2\/users\/1"}],"replies":[{"embeddable":true,"href":"https:\/\/hypnocaro.ch\/index.php\/wp-json\/wp\/v2\/comments?post=14"}],"version-history":[{"count":3,"href":"https:\/\/hypnocaro.ch\/index.php\/wp-json\/wp\/v2\/pages\/14\/revisions"}],"predecessor-version":[{"id":36,"href":"https:\/\/hypnocaro.ch\/index.php\/wp-json\/wp\/v2\/pages\/14\/revisions\/36"}],"wp:attachment":[{"href":"https:\/\/hypnocaro.ch\/index.php\/wp-json\/wp\/v2\/media?parent=14"}],"curies":[{"name":"wp","href":"https:\/\/api.w.org\/{rel}","templated":true}]}}